{"id":13643,"date":"2016-09-05T20:55:40","date_gmt":"2016-09-05T20:55:40","guid":{"rendered":"http:\/\/test.ppa.hr\/?page_id=13643"},"modified":"2017-04-06T11:45:17","modified_gmt":"2017-04-06T11:45:17","slug":"privez","status":"publish","type":"page","link":"https:\/\/www.ppa.hr\/hr\/privez\/","title":{"rendered":"Izgradnja veza za naftne derivate i ukapljeni naftni plin"},"content":{"rendered":"<p>[et_pb_section admin_label=&#8221;section&#8221;][et_pb_row admin_label=&#8221;row&#8221;][et_pb_column type=&#8221;1_2&#8243;][et_pb_text admin_label=&#8221;Text&#8221; background_layout=&#8221;light&#8221; text_orientation=&#8221;left&#8221; use_border_color=&#8221;off&#8221; border_color=&#8221;#ffffff&#8221; border_style=&#8221;solid&#8221;]<\/p>\n<p><strong>PLAN IZGRADNJE VEZA ZA NAFTNE DERIVATE I UKAPLJENI NAFTNI PLIN<\/strong><\/p>\n<p>&nbsp;<\/p>\n<p style=\"text-align: justify;\">Imaju\u0107i u vidu rast prometa teku\u0107ih tereta u luci Plo\u010de posljednjih godina kao i investicije privatnog sektora u izgradnji kapaciteta za naftne derivate i ukapljeni naftni plin na lu\u010dkom podru\u010dju u Plo\u010dama, <strong>Lu\u010dka uprava Plo\u010de<\/strong> je izradila <strong>Studiju isplativosti ulaganja<\/strong> u novi vez koja je pokazala da je ova investicija isplativa i profitabilna.<\/p>\n<p style=\"text-align: justify;\">Izgradnja novog priveza jedan je od nu\u017enih preduvjeta koji \u0107e omogu\u0107iti realizaciju svih otpo\u010detih kao i planiranih investicija privatnog sektora u skladi\u0161ne kapacitete za teku\u0107e terete te dovesti do zna\u010dajnog pove\u0107anja prometa i time i prihoda Lu\u010dke uprave Plo\u010de i koristi za sve korisnike kapaciteta zbog smanjivanja tro\u0161kova prijevoza po jedinici tereta i znatnog pove\u0107anja efikasnosti prekrcaja.<\/p>\n<p style=\"text-align: justify;\">Ve\u0107 dugi niz godina brodari i terminalski operatori koriste tankerski privez koji zbog svog smje\u0161taja u kanalu Vla\u0161ka-more i mnogih ograni\u010davaju\u0107ih parametara ne mo\u017ee prihvatiti tankere ve\u0107ih dimenzija.<\/p>\n<p style=\"text-align: justify;\">Lokacija planiranog veza je sjeverno od obale novoizgra\u0111enog terminala za rasute terete te \u0107e omogu\u0107iti <strong>privez brodova do 88.000 tona nosivosti<\/strong> <strong>za naftne derivate odnosno 58.000 tona nosivosti za ukapljeni naftni plin<\/strong> u svrhu otpreme i dopreme tereta do \/od tr\u017ei\u0161ta luke Plo\u010de u unutra\u0161njosti (Bosna i Hercegovina, srednja Europa&#8230;) kao i transhipmenta.<\/p>\n<p style=\"text-align: justify;\">U tijeku je izrada projektne dokumentacije. Nakon isho\u0111enja dozvola te osiguravanja potrebnih financijskih sredstava planira se provedba otvorenog postupka javne nabave za izgradnju novog pristana za teku\u0107e terete kao i natje\u010daj za odabir najpovoljnijeg koncesionara za pru\u017eanje usluga manipulacije prekrcaja na privezu.<\/p>\n<p>[\/et_pb_text][\/et_pb_column][et_pb_column type=&#8221;1_2&#8243;][et_pb_image admin_label=&#8221;Image&#8221; src=&#8221;http:\/\/ppa.hr\/hr\/wp-content\/uploads\/2016\/09\/privez_nd_2.jpg&#8221; show_in_lightbox=&#8221;on&#8221; url_new_window=&#8221;off&#8221; use_overlay=&#8221;off&#8221; animation=&#8221;fade_in&#8221; sticky=&#8221;off&#8221; align=&#8221;center&#8221; force_fullwidth=&#8221;off&#8221; always_center_on_mobile=&#8221;on&#8221; use_border_color=&#8221;off&#8221; border_color=&#8221;#ffffff&#8221; border_style=&#8221;solid&#8221;] [\/et_pb_image][\/et_pb_column][\/et_pb_row][\/et_pb_section]<\/p>\n","protected":false},"excerpt":{"rendered":"<p>PLAN IZGRADNJE VEZA ZA NAFTNE DERIVATE I UKAPLJENI NAFTNI PLIN &nbsp; Imaju\u0107i u vidu rast prometa teku\u0107ih tereta u luci Plo\u010de posljednjih godina kao i investicije privatnog sektora u izgradnji kapaciteta za naftne derivate i ukapljeni naftni plin na lu\u010dkom podru\u010dju u Plo\u010dama, Lu\u010dka uprava Plo\u010de je izradila Studiju isplativosti ulaganja u novi vez koja [&hellip;]<\/p>\n","protected":false},"author":1,"featured_media":0,"parent":0,"menu_order":0,"comment_status":"closed","ping_status":"closed","template":"","meta":{"_et_pb_use_builder":"on","_et_pb_old_content":"","_et_gb_content_width":"","footnotes":""},"class_list":["post-13643","page","type-page","status-publish","hentry"],"_links":{"self":[{"href":"https:\/\/www.ppa.hr\/hr\/wp-json\/wp\/v2\/pages\/13643","targetHints":{"allow":["GET"]}}],"collection":[{"href":"https:\/\/www.ppa.hr\/hr\/wp-json\/wp\/v2\/pages"}],"about":[{"href":"https:\/\/www.ppa.hr\/hr\/wp-json\/wp\/v2\/types\/page"}],"author":[{"embeddable":true,"href":"https:\/\/www.ppa.hr\/hr\/wp-json\/wp\/v2\/users\/1"}],"replies":[{"embeddable":true,"href":"https:\/\/www.ppa.hr\/hr\/wp-json\/wp\/v2\/comments?post=13643"}],"version-history":[{"count":13,"href":"https:\/\/www.ppa.hr\/hr\/wp-json\/wp\/v2\/pages\/13643\/revisions"}],"predecessor-version":[{"id":17955,"href":"https:\/\/www.ppa.hr\/hr\/wp-json\/wp\/v2\/pages\/13643\/revisions\/17955"}],"wp:attachment":[{"href":"https:\/\/www.ppa.hr\/hr\/wp-json\/wp\/v2\/media?parent=13643"}],"curies":[{"name":"wp","href":"https:\/\/api.w.org\/{rel}","templated":true}]}}