{"id":13601,"date":"2016-08-09T12:16:49","date_gmt":"2016-08-09T12:16:49","guid":{"rendered":"http:\/\/test.ppa.hr\/?page_id=13601"},"modified":"2016-08-09T12:22:57","modified_gmt":"2016-08-09T12:22:57","slug":"putnicki-terminal","status":"publish","type":"page","link":"https:\/\/www.ppa.hr\/hr\/putnicki-terminal\/","title":{"rendered":"Putni\u010dki terminal"},"content":{"rendered":"<p>[et_pb_section admin_label=&#8221;section&#8221;][et_pb_row admin_label=&#8221;row&#8221;][et_pb_column type=&#8221;1_3&#8243;][et_pb_text admin_label=&#8221;Text&#8221; background_layout=&#8221;light&#8221; text_orientation=&#8221;justified&#8221; use_border_color=&#8221;off&#8221; border_color=&#8221;#ffffff&#8221; border_style=&#8221;solid&#8221;]<\/p>\n<p>Podru\u010dje <strong>putni\u010dkog terminala,<\/strong> obuhva\u0107enog Ugovorom o produ\u017eenju prvenstvene koncesije Luke Plo\u010de d.d., na obalnom dijelu zahva\u0107a podru\u010dje od <strong>10.000,00 m2<\/strong>, koje se prote\u017ee od prvog cestovnog mosta do ograde slobodne zone na po\u010detku obale 0 (\u201eBosanska obala\u201c), a na kopnenom dijelu granicu predstavlja odvodni kanal uz glavnu cestu, izuzev\u0161i koncesionirani prostor benzinske crpke. Putni\u010dki terminal je opremljen trima<strong> RO-RO rampama<\/strong>, \u0161to omogu\u0107uje istovremeno pristajanje tri trajekta.<br \/>\nOperator na putni\u010dkom terminalu je dru\u0161tvo <strong>Plo\u010danska plovidba d.o.o.,<\/strong> koji obavlja djelatnosti priveza i odveza brodova, odr\u017eavanja reda, pru\u017eanja ugostiteljskih usluga te raznih ostalih usluga brodovima na terminalu.<br \/>\nNajve\u0107i pojedina\u010dni korisnik usluga putni\u010dkog terminala je <strong>Jadrolinija d.d.,<\/strong> koja odr\u017eava stalnu trajektnu liniju s Trpnjem na Pelje\u0161cu. Ovisno o godi\u0161njem dobu, linija se odr\u017eava 4-7 puta dnevno.<\/p>\n<p>[\/et_pb_text][\/et_pb_column][et_pb_column type=&#8221;2_3&#8243;][et_pb_gallery admin_label=&#8221;Gallery_putni\u010dki terminal&#8221; gallery_ids=&#8221;13605,13606,13607,13608,13609&#8243; gallery_orderby=&#8221;rand&#8221; fullwidth=&#8221;on&#8221; show_title_and_caption=&#8221;off&#8221; show_pagination=&#8221;off&#8221; background_layout=&#8221;light&#8221; auto=&#8221;on&#8221; auto_speed=&#8221;2500&#8243; hover_overlay_color=&#8221;rgba(255,255,255,0.9)&#8221; caption_all_caps=&#8221;off&#8221; use_border_color=&#8221;off&#8221; border_color=&#8221;#ffffff&#8221; border_style=&#8221;solid&#8221;] [\/et_pb_gallery][\/et_pb_column][\/et_pb_row][\/et_pb_section]<\/p>\n","protected":false},"excerpt":{"rendered":"<p>Podru\u010dje putni\u010dkog terminala, obuhva\u0107enog Ugovorom o produ\u017eenju prvenstvene koncesije Luke Plo\u010de d.d., na obalnom dijelu zahva\u0107a podru\u010dje od 10.000,00 m2, koje se prote\u017ee od prvog cestovnog mosta do ograde slobodne zone na po\u010detku obale 0 (\u201eBosanska obala\u201c), a na kopnenom dijelu granicu predstavlja odvodni kanal uz glavnu cestu, izuzev\u0161i koncesionirani prostor benzinske crpke. Putni\u010dki terminal [&hellip;]<\/p>\n","protected":false},"author":1,"featured_media":0,"parent":0,"menu_order":0,"comment_status":"closed","ping_status":"closed","template":"","meta":{"_et_pb_use_builder":"on","_et_pb_old_content":"","_et_gb_content_width":"","footnotes":""},"class_list":["post-13601","page","type-page","status-publish","hentry"],"_links":{"self":[{"href":"https:\/\/www.ppa.hr\/hr\/wp-json\/wp\/v2\/pages\/13601","targetHints":{"allow":["GET"]}}],"collection":[{"href":"https:\/\/www.ppa.hr\/hr\/wp-json\/wp\/v2\/pages"}],"about":[{"href":"https:\/\/www.ppa.hr\/hr\/wp-json\/wp\/v2\/types\/page"}],"author":[{"embeddable":true,"href":"https:\/\/www.ppa.hr\/hr\/wp-json\/wp\/v2\/users\/1"}],"replies":[{"embeddable":true,"href":"https:\/\/www.ppa.hr\/hr\/wp-json\/wp\/v2\/comments?post=13601"}],"version-history":[{"count":5,"href":"https:\/\/www.ppa.hr\/hr\/wp-json\/wp\/v2\/pages\/13601\/revisions"}],"predecessor-version":[{"id":13603,"href":"https:\/\/www.ppa.hr\/hr\/wp-json\/wp\/v2\/pages\/13601\/revisions\/13603"}],"wp:attachment":[{"href":"https:\/\/www.ppa.hr\/hr\/wp-json\/wp\/v2\/media?parent=13601"}],"curies":[{"name":"wp","href":"https:\/\/api.w.org\/{rel}","templated":true}]}}