{"id":12036,"date":"2016-04-21T11:43:47","date_gmt":"2016-04-21T11:43:47","guid":{"rendered":"http:\/\/test.ppa.hr\/?page_id=12036"},"modified":"2016-12-13T08:55:55","modified_gmt":"2016-12-13T08:55:55","slug":"terminal-tekucih-tereta","status":"publish","type":"page","link":"https:\/\/www.ppa.hr\/hr\/terminal-tekucih-tereta\/","title":{"rendered":"Terminal teku\u0107ih tereta"},"content":{"rendered":"<p>[et_pb_section admin_label=&#8221;Section&#8221; fullwidth=&#8221;off&#8221; specialty=&#8221;off&#8221;][et_pb_row admin_label=&#8221;Row&#8221;][et_pb_column type=&#8221;1_2&#8243;][et_pb_text admin_label=&#8221;Text&#8221; background_layout=&#8221;light&#8221; text_orientation=&#8221;justified&#8221; use_border_color=&#8221;off&#8221; border_color=&#8221;#ffffff&#8221; border_style=&#8221;solid&#8221;]<\/p>\n<p>Operatori terminalima teki\u0107ih tereta na podru\u010dju luke Plo\u010de su<strong> Adriatic Tank Terminals d.o.o. i Naftni terminali Federacije d.o.o.<\/strong><\/p>\n<p>Postoje\u0107i Terminal teku\u0107ih tereta Adriatic Tank Terminals d.o.o. se sastoji od spremni\u010dkog prostora smje\u0161tenog na plutaju\u0107em objektu (bar\u017ei), pripadaju\u0107ih manipulativnih cjevovoda, punili\u0161ta kamionskih cisterni i pretakali\u0161ta vagonskih cisterni. Skladi\u0161ni kapaciteti za naftne derivate iznose 24.000 m3, a za ostale teku\u0107e terete (bazna i biljna ulja i sl.) 11.000 m3, \u0161to ukupno iznosi <strong>35.000 m3<\/strong>.<\/p>\n<p>Tako\u0111er, Adriatic Tank Terminals d.o.o. je izgradio nove kapacitete za skladi\u0161tenje 50.000 m3 teku\u0107ih tereta (Grupa 100 spremnika), povr\u0161ine 12.844,00 m2, a do 2023. godine planira se izgradnja jo\u0161 najmanje 250.000 m3 kapaciteta za skladi\u0161tenje teku\u0107ih tereta na lokaciji ukupne povr\u0161ine <strong>158.000 m2<\/strong>.<\/p>\n<p>[\/et_pb_text][et_pb_gallery admin_label=&#8221;Gallery&#8221; gallery_ids=&#8221;12034,12038&#8243; gallery_orderby=&#8221;rand&#8221; fullwidth=&#8221;on&#8221; show_title_and_caption=&#8221;off&#8221; show_pagination=&#8221;off&#8221; background_layout=&#8221;light&#8221; auto=&#8221;off&#8221; hover_overlay_color=&#8221;rgba(255,255,255,0.9)&#8221; caption_all_caps=&#8221;off&#8221; use_border_color=&#8221;off&#8221; border_color=&#8221;#ffffff&#8221; border_style=&#8221;solid&#8221;] [\/et_pb_gallery][\/et_pb_column][et_pb_column type=&#8221;1_2&#8243;][et_pb_gallery admin_label=&#8221;Gallery&#8221; gallery_ids=&#8221;12039,12034,12052&#8243; gallery_orderby=&#8221;rand&#8221; fullwidth=&#8221;on&#8221; show_title_and_caption=&#8221;off&#8221; show_pagination=&#8221;off&#8221; background_layout=&#8221;light&#8221; auto=&#8221;off&#8221; hover_overlay_color=&#8221;rgba(255,255,255,0.9)&#8221; caption_all_caps=&#8221;off&#8221; use_border_color=&#8221;off&#8221; border_color=&#8221;#ffffff&#8221; border_style=&#8221;solid&#8221;] [\/et_pb_gallery][et_pb_text admin_label=&#8221;Text&#8221; background_layout=&#8221;light&#8221; text_orientation=&#8221;justified&#8221; use_border_color=&#8221;off&#8221; border_color=&#8221;#ffffff&#8221; border_style=&#8221;solid&#8221;]<br \/>\nPostoje\u0107i <strong>Terminal teku\u0107ih tereta NTF d.o.o. Plo\u010de<\/strong> smje\u0161ten je na podru\u010dju luke Plo\u010de u jugozapadnom podru\u010dju industrijske zone grada. Gra\u0111evine i prostori za skladi\u0161tenje te pretakanje naftnih produkata povr\u0161ine <strong>150.000 m\u00b2<\/strong> pru\u017eaju se usporedno na udaljenosti oko 50 m s desnom obalom kanala Vla\u0161ka \u2013 Jadransko more. Isto\u010dno od ograde terminala smje\u0161teno je brodsko pretakali\u0161te, a svjeverozapadno postrojenja i zgrade luke Plo\u010da. Skladi\u0161ni kapaciteti za naftne derivate iznose ukupno <strong>80.000 m3.<\/strong> [\/et_pb_text][\/et_pb_column][\/et_pb_row][\/et_pb_section]<\/p>\n","protected":false},"excerpt":{"rendered":"<p>Operatori terminalima teki\u0107ih tereta na podru\u010dju luke Plo\u010de su Adriatic Tank Terminals d.o.o. i Naftni terminali Federacije d.o.o. Postoje\u0107i Terminal teku\u0107ih tereta Adriatic Tank Terminals d.o.o. se sastoji od spremni\u010dkog prostora smje\u0161tenog na plutaju\u0107em objektu (bar\u017ei), pripadaju\u0107ih manipulativnih cjevovoda, punili\u0161ta kamionskih cisterni i pretakali\u0161ta vagonskih cisterni. Skladi\u0161ni kapaciteti za naftne derivate iznose 24.000 m3, a [&hellip;]<\/p>\n","protected":false},"author":1,"featured_media":0,"parent":0,"menu_order":0,"comment_status":"closed","ping_status":"closed","template":"","meta":{"_et_pb_use_builder":"on","_et_pb_old_content":"","_et_gb_content_width":"","footnotes":""},"class_list":["post-12036","page","type-page","status-publish","hentry"],"_links":{"self":[{"href":"https:\/\/www.ppa.hr\/hr\/wp-json\/wp\/v2\/pages\/12036","targetHints":{"allow":["GET"]}}],"collection":[{"href":"https:\/\/www.ppa.hr\/hr\/wp-json\/wp\/v2\/pages"}],"about":[{"href":"https:\/\/www.ppa.hr\/hr\/wp-json\/wp\/v2\/types\/page"}],"author":[{"embeddable":true,"href":"https:\/\/www.ppa.hr\/hr\/wp-json\/wp\/v2\/users\/1"}],"replies":[{"embeddable":true,"href":"https:\/\/www.ppa.hr\/hr\/wp-json\/wp\/v2\/comments?post=12036"}],"version-history":[{"count":16,"href":"https:\/\/www.ppa.hr\/hr\/wp-json\/wp\/v2\/pages\/12036\/revisions"}],"predecessor-version":[{"id":14016,"href":"https:\/\/www.ppa.hr\/hr\/wp-json\/wp\/v2\/pages\/12036\/revisions\/14016"}],"wp:attachment":[{"href":"https:\/\/www.ppa.hr\/hr\/wp-json\/wp\/v2\/media?parent=12036"}],"curies":[{"name":"wp","href":"https:\/\/api.w.org\/{rel}","templated":true}]}}