{"id":11953,"date":"2016-04-12T12:21:29","date_gmt":"2016-04-12T12:21:29","guid":{"rendered":"http:\/\/test.ppa.hr\/?page_id=11953"},"modified":"2023-07-14T07:37:03","modified_gmt":"2023-07-14T07:37:03","slug":"odobrenja-za-djelatnosti","status":"publish","type":"page","link":"https:\/\/www.ppa.hr\/hr\/odobrenja-za-djelatnosti\/","title":{"rendered":"Ovla\u0161tenici odobrenja za djelatnosti"},"content":{"rendered":"<p>[et_pb_section bb_built=&#8221;1&#8243; admin_label=&#8221;section&#8221; _builder_version=&#8221;3.0.47&#8243;][et_pb_row use_custom_gutter=&#8221;on&#8221; gutter_width=&#8221;2&#8243; padding_mobile=&#8221;off&#8221; make_equal=&#8221;on&#8221; column_padding_mobile=&#8221;on&#8221; background_color_3=&#8221;#d6d6d6&#8243; padding_top_1=&#8221;30px&#8221; padding_right_1=&#8221;30px&#8221; padding_bottom_1=&#8221;30px&#8221; padding_left_1=&#8221;30px&#8221; padding_top_2=&#8221;30px&#8221; padding_right_2=&#8221;30px&#8221; padding_bottom_2=&#8221;30px&#8221; padding_left_2=&#8221;30px&#8221; padding_top_3=&#8221;30px&#8221; padding_right_3=&#8221;30px&#8221; padding_bottom_3=&#8221;30px&#8221; padding_left_3=&#8221;30px&#8221; parallax_method_1=&#8221;off&#8221; parallax_method_2=&#8221;off&#8221; parallax_method_3=&#8221;off&#8221; _builder_version=&#8221;3.0.47&#8243; background_size=&#8221;initial&#8221; background_position=&#8221;top_left&#8221; background_repeat=&#8221;repeat&#8221;][et_pb_column type=&#8221;1_3&#8243;][et_pb_text _builder_version=&#8221;3.0.89&#8243; background_size=&#8221;initial&#8221; background_position=&#8221;top_left&#8221; background_repeat=&#8221;repeat&#8221; module_alignment=&#8221;left&#8221; border_style=&#8221;solid&#8221; background_layout=&#8221;light&#8221;]<\/p>\n<ul>\n<li><strong>OTPREMNI\u010cKE DJELATNOSTI<\/strong><\/li>\n<\/ul>\n<p><strong>\u00a0<\/strong><\/p>\n<p>TRAST OTPREMNI\u0160TVO d.o.o.<\/p>\n<p>Vojvodi\u0107i 11<\/p>\n<p>10431 Novaki (Grad Sveta Nedelja)<\/p>\n<p>Tel: +385 99 338 3435<\/p>\n<p>E-mail: <a href=\"mailto:ploce@trast.hr\">uprava@trast.hr<\/a><\/p>\n<p>&nbsp;<\/p>\n<p>\u0110UGUM d.o.o.<\/p>\n<p>Neretljanskih gusara 6<\/p>\n<p>20340 Plo\u010de<\/p>\n<p>Tel: +385 20 670 236<\/p>\n<p>E-mail: <a href=\"mailto:info@djugum.hr\">info@djugum.hr<\/a><\/p>\n<p>&nbsp;<\/p>\n<p>INTERAGENT d.o.o.<\/p>\n<p>Trg kralja Tomislava 8<\/p>\n<p>20340 Plo\u010de<\/p>\n<p>Tel: +385 20 670 760<\/p>\n<p>E-mail: <a href=\"mailto:interagent@du.t-com.hr\">interagent@du.t-com.hr<\/a><\/p>\n<p>&nbsp;<\/p>\n<p>INTEREUROPA d.o.o.<\/p>\n<p>Josipa Lon\u010dara 3<\/p>\n<p>10000 Zagreb<\/p>\n<p>Tel: +385 20 676 293<\/p>\n<p>E-mail: <a href=\"mailto:Antonela.Gaspar-Kraljevic@intereuropa.hr\">Antonela.Gaspar-Kraljevic@intereuropa.hr<\/a><\/p>\n<p>&nbsp;<\/p>\n<p>JADROAGENT d.d.<\/p>\n<p>Trg Ivana Koblera 2<\/p>\n<p>51000 Rijeka<\/p>\n<p>Tel: +385 20 679 964<\/p>\n<p>E-mail: <a href=\"mailto:zdenko.musulin@jadroagent.hr\">zdenko.musulin@jadroagent.hr<\/a><\/p>\n<p>&nbsp;<\/p>\n<p>PLO\u010cE-\u0160PED d.o.o.<\/p>\n<p>Trg kralja Tomislava 8<\/p>\n<p>23040 Plo\u010de<\/p>\n<p>Tel: +385 20 670 133<\/p>\n<p>E-mail: <a href=\"mailto:ploce-sped@du.t-com.hr\">ploce-sped@du.t-com.hr<\/a><\/p>\n<p>&nbsp;<\/p>\n<p>LUKA-\u0160PED d.o.o.<\/p>\n<p>Lu\u010dka cesta bb<\/p>\n<p>20340 Plo\u010de<\/p>\n<p>Tel: +385 20 676 398<\/p>\n<p>E-mail: <a href=\"mailto:info@lukasped.hr\">info@lukasped.hr<\/a><\/p>\n<p>&nbsp;<\/p>\n<p>TRANSAGENT d.o.o.<\/p>\n<p>Verdieva 6<\/p>\n<p>51000 Rijeka<\/p>\n<p>Tel: +385 20 679 846<\/p>\n<p>E-mail: <a href=\"mailto:transagent.ploce@transagent.hr\">transagent.ploce@transagent.hr<\/a><\/p>\n<p>[\/et_pb_text][\/et_pb_column][et_pb_column type=&#8221;1_3&#8243;][et_pb_text _builder_version=&#8221;3.0.89&#8243; background_size=&#8221;initial&#8221; background_position=&#8221;top_left&#8221; background_repeat=&#8221;repeat&#8221; module_alignment=&#8221;left&#8221; border_style=&#8221;solid&#8221; background_layout=&#8221;light&#8221; border_style_all=&#8221;solid&#8221;]<\/p>\n<ul>\n<li><strong>OTPREMNI\u010cKE DJELATNOSTI<\/strong><\/li>\n<\/ul>\n<p><strong>\u00a0<\/strong><\/p>\n<p>SCHENKER d.o.o.<\/p>\n<p>Dugoselska cesta 5<\/p>\n<p>10000 Zagreb<\/p>\n<p>Tel: +385 20 676 565<\/p>\n<p>E-mail: <a href=\"mailto:info@schenker.hr\">info@schenker.hr<\/a><\/p>\n<p>PETRA MARINA d.o.o.<\/p>\n<p>Kralja Petra Sva\u010di\u0107a bb<\/p>\n<p>20340 Plo\u010de<\/p>\n<p>Tel: +385 20 692 595<\/p>\n<p>E-mail: <a href=\"mailto:info@petra-marina.hr\">info@petra-marina.hr<\/a><\/p>\n<p>INTERLINER AGENCIES d.o.o.<\/p>\n<p>Andrije Meduli\u0107a 6<\/p>\n<p>51000 Rijeka<\/p>\n<p>Tel: +385 20 692 500<\/p>\n<p>E-mail: <a href=\"mailto:dario.damic@interliner-agencies.com\">dario.damic@interliner-agencies.com<\/a><\/p>\n<p><span style=\"font-size: 14px;\">MARINO AGENT d.o.o.<\/span><\/p>\n<p>Trg kralja Tomislava 22<\/p>\n<p>20340 Plo\u010de<\/p>\n<p>Tel: +385 20 676 519<\/p>\n<p>E-mail: <a href=\"mailto:marino@marinoagent.com.hr\">marino@marinoagent.com.hr<\/a><\/p>\n<p>TOP LOGISTICS d.o.o.<\/p>\n<p>Lu\u010dka cesta bb<\/p>\n<p>20340 Plo\u010de<\/p>\n<p>Tel: +385 20 641 230<\/p>\n<p>E-mail: <a href=\"mailto:info@toplogistics.hr\">info@toplogistics.hr<\/a><\/p>\n<p>PRIMACO\u0160PED d.o.o.<\/p>\n<p>Jankomir 25<\/p>\n<p>10000 Zagreb<\/p>\n<p>Tel: +385 98 481 845<\/p>\n<p>E-mail: <a href=\"mailto:boris.vavra@primaco.hr\">boris.vavra@primaco.hr<\/a><\/p>\n<p>&nbsp;<\/p>\n<p>TRANS INTEGRAL d.o.o.<\/p>\n<p>Dalmatinska bb<\/p>\n<p>20340 Plo\u010de<\/p>\n<p>Tel: +385 20 641 286<\/p>\n<p>E-mail: <a href=\"mijo.sunjic@trans-integral.com\"><u>mijo.sunjic@trans-integral.com<\/u><\/a><\/p>\n<p>[\/et_pb_text][\/et_pb_column][et_pb_column type=&#8221;1_3&#8243;][et_pb_text _builder_version=&#8221;3.0.89&#8243; background_size=&#8221;initial&#8221; background_position=&#8221;top_left&#8221; background_repeat=&#8221;repeat&#8221; border_style_all=&#8221;solid&#8221; module_alignment=&#8221;left&#8221; border_style=&#8221;solid&#8221;]<\/p>\n<ul>\n<li><strong>DJELATNOST POMORSKE AGENCIJE<\/strong><\/li>\n<\/ul>\n<p><strong>\u00a0<\/strong><\/p>\n<p>CAPRIS CROATIA d.o.o.<\/p>\n<p>Agati\u0107eva 2<\/p>\n<p>51000 Rijeka<\/p>\n<p>Tel: +385 20 676 336<\/p>\n<p>E-mail: <a href=\"mailto:ploce@capris.hr\">ploce@capris.hr<\/a><\/p>\n<p>&nbsp;<\/p>\n<p>JADROAGENT d.d.<\/p>\n<p>Trg Ivana Koblera 2<\/p>\n<p>51000 Rijeka<\/p>\n<p>Tel: +385 20 679 964<\/p>\n<p>E-mail: <a href=\"mailto:zdenko.musulin@jadroagent.hr\">zdenko.musulin@jadroagent.hr<\/a><\/p>\n<p>&nbsp;<\/p>\n<p>TRANSAGENT d.o.o.<\/p>\n<p>Verdieva 6<\/p>\n<p>51000 Rijeka<\/p>\n<p>Tel: +385 20 679 846<\/p>\n<p>E-mail: <a href=\"mailto:transagent.ploce@transagent.hr\">transagent.ploce@transagent.hr<\/a><\/p>\n<p>&nbsp;<\/p>\n<p>ALIANCA d.o.o.<\/p>\n<p>\u0160kolji\u0107 6<\/p>\n<p>51000 Rijeka<\/p>\n<p>Tel: +385 20 670 534<\/p>\n<p>E-mail: <a href=\"mailto:ploce-agency@alianca.hr\">ploce-agency@alianca.hr<\/a><\/p>\n<p>&nbsp;<\/p>\n<p>PETRA MARINA d.o.o.<\/p>\n<p>Kralja Petra Sva\u010di\u0107a bb<\/p>\n<p>20340 Plo\u010de<\/p>\n<p>Tel: +385 20 692 595<\/p>\n<p>E-mail: <a href=\"mailto:info@petra-marina.hr\">info@petra-marina.hr<\/a><\/p>\n<p>&nbsp;<\/p>\n<p>MSC CROATIA d.o.o.<\/p>\n<p>Korzo 11\/6<\/p>\n<p>51000 Rijeka<\/p>\n<p>Tel: +385 20 670 443<\/p>\n<p>E-mail: <a href=\"mailto:tzivkovic@plo.msccroatia.com\">tzivkovic@plo.msccroatia.com<\/a><\/p>\n<p>&nbsp;<\/p>\n<p>LUKA-\u0160PED d.o.o.<\/p>\n<p>Lu\u010dka cesta bb<\/p>\n<p>20340 Plo\u010de<\/p>\n<p>Tel: +385 20 676 398<\/p>\n<p>E-mail: <a href=\"mailto:info@lukasped.hr\">info@lukasped.hr<\/a><\/p>\n<p>&nbsp;<\/p>\n<p><span style=\"font-size: 14px;\">TRANS INTEGRAL d.o.o.<\/span><\/p>\n<p>Dalmatinska 1<\/p>\n<p>20340 Plo\u010de<\/p>\n<p>Tel: +385 98 981 9482<\/p>\n<p>E-mail: <a href=\"mailto:operations@eldmarc.com\">mijo.sunjic@trans-integral.com<\/a><\/p>\n<p>&nbsp;<\/p>\n<p>ELDMARC d. o. o.<\/p>\n<p>Janeza Trdine 1,<\/p>\n<p>51000 Rijeka<\/p>\n<p>Tel: +385 51 317 473<\/p>\n<p>E-mail: <a href=\"mailto:info@eldmarc.com\">info@eldmarc.com<\/a><\/p>\n<p>&nbsp;<\/p>\n<p>[\/et_pb_text][\/et_pb_column][\/et_pb_row][\/et_pb_section]<\/p>\n","protected":false},"excerpt":{"rendered":"<p>OTPREMNI\u010cKE DJELATNOSTI \u00a0 TRAST OTPREMNI\u0160TVO d.o.o. Vojvodi\u0107i 11 10431 Novaki (Grad Sveta Nedelja) Tel: +385 99 338 3435 E-mail: uprava@trast.hr &nbsp; \u0110UGUM d.o.o. Neretljanskih gusara 6 20340 Plo\u010de Tel: +385 20 670 236 E-mail: info@djugum.hr &nbsp; INTERAGENT d.o.o. Trg kralja Tomislava 8 20340 Plo\u010de Tel: +385 20 670 760 E-mail: interagent@du.t-com.hr &nbsp; INTEREUROPA d.o.o. Josipa [&hellip;]<\/p>\n","protected":false},"author":1,"featured_media":0,"parent":0,"menu_order":0,"comment_status":"closed","ping_status":"closed","template":"","meta":{"_et_pb_use_builder":"on","_et_pb_old_content":"","_et_gb_content_width":"","footnotes":""},"class_list":["post-11953","page","type-page","status-publish","hentry"],"_links":{"self":[{"href":"https:\/\/www.ppa.hr\/hr\/wp-json\/wp\/v2\/pages\/11953","targetHints":{"allow":["GET"]}}],"collection":[{"href":"https:\/\/www.ppa.hr\/hr\/wp-json\/wp\/v2\/pages"}],"about":[{"href":"https:\/\/www.ppa.hr\/hr\/wp-json\/wp\/v2\/types\/page"}],"author":[{"embeddable":true,"href":"https:\/\/www.ppa.hr\/hr\/wp-json\/wp\/v2\/users\/1"}],"replies":[{"embeddable":true,"href":"https:\/\/www.ppa.hr\/hr\/wp-json\/wp\/v2\/comments?post=11953"}],"version-history":[{"count":18,"href":"https:\/\/www.ppa.hr\/hr\/wp-json\/wp\/v2\/pages\/11953\/revisions"}],"predecessor-version":[{"id":17092,"href":"https:\/\/www.ppa.hr\/hr\/wp-json\/wp\/v2\/pages\/11953\/revisions\/17092"}],"wp:attachment":[{"href":"https:\/\/www.ppa.hr\/hr\/wp-json\/wp\/v2\/media?parent=11953"}],"curies":[{"name":"wp","href":"https:\/\/api.w.org\/{rel}","templated":true}]}}