{"id":11949,"date":"2016-04-12T12:08:51","date_gmt":"2016-04-12T12:08:51","guid":{"rendered":"http:\/\/test.ppa.hr\/?page_id=11949"},"modified":"2022-11-24T06:56:16","modified_gmt":"2022-11-24T06:56:16","slug":"koncesije-na-luckom-podrucju","status":"publish","type":"page","link":"https:\/\/www.ppa.hr\/hr\/koncesije-na-luckom-podrucju\/","title":{"rendered":"Koncesionari na lu\u010dkom podru\u010dju"},"content":{"rendered":"<p>[et_pb_section bb_built=&#8221;1&#8243; admin_label=&#8221;section&#8221; _builder_version=&#8221;3.0.47&#8243;][et_pb_row use_custom_width=&#8221;on&#8221; use_custom_gutter=&#8221;on&#8221; gutter_width=&#8221;2&#8243; padding_mobile=&#8221;off&#8221; make_equal=&#8221;on&#8221; column_padding_mobile=&#8221;on&#8221; parallax_method_1=&#8221;off&#8221; parallax_method_2=&#8221;off&#8221; _builder_version=&#8221;3.0.47&#8243; background_size=&#8221;initial&#8221; background_position=&#8221;top_left&#8221; background_repeat=&#8221;repeat&#8221;][et_pb_column type=&#8221;1_2&#8243;][et_pb_text _builder_version=&#8221;3.0.89&#8243; background_size=&#8221;initial&#8221; background_position=&#8221;top_left&#8221; background_repeat=&#8221;repeat&#8221; module_alignment=&#8221;left&#8221; border_style=&#8221;solid&#8221;]<\/p>\n<p>&nbsp;<\/p>\n<p><strong>PRVENSTVENI KONCESIONAR \u2013 UKRCAJ, ISKRCAJ, PREKRCAJ I SKLADI\u0160TENJE ROBE<\/strong><\/p>\n<p>LUKA PLO\u010cE d.d.<\/p>\n<p>Trg kralja Tomislava 21<\/p>\n<p>20340 Plo\u010de<\/p>\n<p>Tel: +385 20 678 662<\/p>\n<p>E-mail: <a href=\"mailto:ured.direktora@luka-ploce.hr\">ured.direktora@luka-ploce.hr<\/a><\/p>\n<p>&nbsp;<\/p>\n<p><strong>KONTEJNERSKI TERMINAL<\/strong><\/p>\n<p>LUKA PLO\u010cE d.d.<\/p>\n<p>Trg kralja Tomislava 21<\/p>\n<p>20340 Plo\u010de<\/p>\n<p>Tel: +385 20 678 662<\/p>\n<p>E-mail: <a href=\"mailto:ured.direktora@luka-ploce.hr\">ured.direktora@luka-ploce.hr<\/a><\/p>\n<p>&nbsp;<\/p>\n<p><strong>TERMINAL RASUTIH TERETA<\/strong><\/p>\n<p>LUKA PLO\u010cE d.d.<\/p>\n<p>Trg kralja Tomislava 21<\/p>\n<p>20340 Plo\u010de<\/p>\n<p>Tel: +385 20 678 662<\/p>\n<p>E-mail: <a href=\"mailto:ured.direktora@luka-ploce.hr\">ured.direktora@luka-ploce.hr<\/a><\/p>\n<p>&nbsp;<\/p>\n<p><strong>TERMINALI TEKU\u0106IH TERETA<\/strong><\/p>\n<p>ADRIATIC TANK TERMINALS d.o.o.<\/p>\n<p>Lu\u010dka cesta bb<\/p>\n<p>20340 Plo\u010de<\/p>\n<p>Tel: +385 20 642 133<\/p>\n<p>E-mail: <a href=\"mailto:lpt@lpt-ploce.hr\">att<\/a><a href=\"mailto:-ploce@att.vtti.com\">-ploce@att.vtti.com<\/a><\/p>\n<p>Website: <a href=\"http:\/\/www.adriatictankterminal.com\">www.adriatictankterminal.com<\/a><\/p>\n<p>&nbsp;<\/p>\n<p>&nbsp;<\/p>\n<p>[\/et_pb_text][\/et_pb_column][et_pb_column type=&#8221;1_2&#8243;][et_pb_text _builder_version=&#8221;3.0.89&#8243; background_size=&#8221;initial&#8221; background_position=&#8221;top_left&#8221; background_repeat=&#8221;repeat&#8221; module_alignment=&#8221;left&#8221; border_style=&#8221;solid&#8221; background_layout=&#8221;light&#8221;]<\/p>\n<p>&nbsp;<\/p>\n<p><strong>VI\u0160ENAMJENSKO SKLADI\u0160TE<\/strong><\/p>\n<p>TOP LOGISTICS d.o.o.<\/p>\n<p>Lu\u010dka cesta bb<\/p>\n<p>20340 Plo\u010de<\/p>\n<p>Tel: +385 20 641 230<\/p>\n<p>E-mail: <a href=\"mailto:info@toplogistics.hr\">info@toplogistics.hr<\/a><\/p>\n<p>&nbsp;<\/p>\n<p><strong>TVORNICA BETONA I BETONSKIH ELEMENATA<\/strong><\/p>\n<p>LUKA PLO\u010cE GRADNJA d.o.o.<\/p>\n<p>Lu\u010dka cesta bb<\/p>\n<p>20340 Plo\u010de<\/p>\n<p>Tel: +385 91 2386 015<\/p>\n<p>E-mail: <a href=\"mailto:lpg@lpgploce.hr\">lpg@lpgploce.hr<\/a><\/p>\n<p>&nbsp;<\/p>\n<p><strong>PUTNI\u010cKI TERMINAL<\/strong><\/p>\n<p>PLO\u010cANSKA PLOVIDBA d.o.o.<\/p>\n<p>Vladimira Nazora 47<\/p>\n<p>20340 Plo\u010de<\/p>\n<p>Tel: +385 99 815 2981<\/p>\n<p>E-mail: <a href=\"mailto:tmarinovic@plocesailing.com\">tmarinovic@plocesailing.com<\/a><\/p>\n<p><strong>\u00a0<\/strong><\/p>\n<p><strong>BENZINSKA POSTAJA<\/strong><\/p>\n<p>PETROL d.o.o.<\/p>\n<p>Savska Opatovina 36,<\/p>\n<p>10000 Zagreb<\/p>\n<p>Tel: +385 (0)1 \/ 66 80 000<\/p>\n<p>E-mail: infopetrol@petrol.hr<\/p>\n<p>&nbsp;<\/p>\n<p>[\/et_pb_text][\/et_pb_column][\/et_pb_row][\/et_pb_section]<\/p>\n","protected":false},"excerpt":{"rendered":"<p>&nbsp; PRVENSTVENI KONCESIONAR \u2013 UKRCAJ, ISKRCAJ, PREKRCAJ I SKLADI\u0160TENJE ROBE LUKA PLO\u010cE d.d. Trg kralja Tomislava 21 20340 Plo\u010de Tel: +385 20 678 662 E-mail: ured.direktora@luka-ploce.hr &nbsp; KONTEJNERSKI TERMINAL LUKA PLO\u010cE d.d. Trg kralja Tomislava 21 20340 Plo\u010de Tel: +385 20 678 662 E-mail: ured.direktora@luka-ploce.hr &nbsp; TERMINAL RASUTIH TERETA LUKA PLO\u010cE d.d. Trg kralja Tomislava [&hellip;]<\/p>\n","protected":false},"author":1,"featured_media":0,"parent":0,"menu_order":0,"comment_status":"closed","ping_status":"closed","template":"","meta":{"_et_pb_use_builder":"on","_et_pb_old_content":"","_et_gb_content_width":"","footnotes":""},"class_list":["post-11949","page","type-page","status-publish","hentry"],"_links":{"self":[{"href":"https:\/\/www.ppa.hr\/hr\/wp-json\/wp\/v2\/pages\/11949","targetHints":{"allow":["GET"]}}],"collection":[{"href":"https:\/\/www.ppa.hr\/hr\/wp-json\/wp\/v2\/pages"}],"about":[{"href":"https:\/\/www.ppa.hr\/hr\/wp-json\/wp\/v2\/types\/page"}],"author":[{"embeddable":true,"href":"https:\/\/www.ppa.hr\/hr\/wp-json\/wp\/v2\/users\/1"}],"replies":[{"embeddable":true,"href":"https:\/\/www.ppa.hr\/hr\/wp-json\/wp\/v2\/comments?post=11949"}],"version-history":[{"count":17,"href":"https:\/\/www.ppa.hr\/hr\/wp-json\/wp\/v2\/pages\/11949\/revisions"}],"predecessor-version":[{"id":16811,"href":"https:\/\/www.ppa.hr\/hr\/wp-json\/wp\/v2\/pages\/11949\/revisions\/16811"}],"wp:attachment":[{"href":"https:\/\/www.ppa.hr\/hr\/wp-json\/wp\/v2\/media?parent=11949"}],"curies":[{"name":"wp","href":"https:\/\/api.w.org\/{rel}","templated":true}]}}