{"id":11944,"date":"2016-04-12T12:03:12","date_gmt":"2016-04-12T12:03:12","guid":{"rendered":"http:\/\/test.ppa.hr\/?page_id=11944"},"modified":"2016-04-18T09:32:56","modified_gmt":"2016-04-18T09:32:56","slug":"pravni-okvir","status":"publish","type":"page","link":"https:\/\/www.ppa.hr\/hr\/pravni-okvir\/","title":{"rendered":"Pravni okvir"},"content":{"rendered":"<p>[et_pb_section admin_label=&#8221;section&#8221;][et_pb_row admin_label=&#8221;row&#8221;][et_pb_column type=&#8221;4_4&#8243;][et_pb_text admin_label=&#8221;Text&#8221; background_layout=&#8221;light&#8221; text_orientation=&#8221;left&#8221; use_border_color=&#8221;off&#8221; border_color=&#8221;#ffffff&#8221; border_style=&#8221;solid&#8221;]<\/p>\n<p><strong>Zakon o pomorskom dobru i morskim lukama (&#8220;Narodne novine&#8221; br. 158\/03, 100\/04, 141\/06 i 38\/09) propisuje na\u010din obavljanja djelatnosti na lu\u010dkom podru\u010dju luka otvorenih za javni promet:<\/strong><\/p>\n<p>&nbsp;<\/p>\n<ul>\n<li>Koncesije za obavljanje lu\u010dkih djelatnosti, te ostalih gospodarskih djelatnosti koje ne zahtijevaju isklju\u010divo kori\u0161tenje postoje\u0107ih i\/ili gradnju novih gra\u0111evina i drugih objekata podgradnje i nadgradnje na lu\u010dkom podru\u010dju. Ovu vrstu koncesija daje nadle\u017ena lu\u010dka uprava na zahtjev tra\u017eitelja.<\/li>\n<\/ul>\n<p>&nbsp;<\/p>\n<ul>\n<li>Koncesije za obavljanje lu\u010dkih djelatnosti, te ostalih gospodarskih djelatnosti koje zahtijevaju kori\u0161tenje postoje\u0107ih i\/ili gradnju novih gra\u0111evina i drugih objekata podgradnje i nadgradnje na lu\u010dkom podru\u010dju. Ovu vrstu koncesija daje nadle\u017ena lu\u010dka uprava na temelju raspisanog javnog prikupljanja ponuda.<\/li>\n<\/ul>\n<p>&nbsp;<\/p>\n<ul>\n<li>Odobrenje za obavljanje djelatnosti pomorske agencije i otpremni\u010dkih poslova na lu\u010dkom podru\u010dju. Odobrenja daje nadle\u017ena lu\u010dka uprava na zahtjev tra\u017eitelja.<\/li>\n<\/ul>\n<p>&nbsp;<\/p>\n<p><strong>Pravni akti kojima se detaljno ure\u0111uje postupak davanja koncesija i odobrenja su:<\/strong><\/p>\n<p>&nbsp;<\/p>\n<ul>\n<li>Zakon o pomorskom dobru i morskim lukama (&#8220;Narodne novine&#8221; br. 158\/03, 100\/04, 141\/06 i 38\/09),<\/li>\n<\/ul>\n<p>&nbsp;<\/p>\n<ul>\n<li>Uredba o postupku davanja koncesije na pomorskom dobru (&#8220;Narodne novine&#8221; br. 23\/04, 101\/04, 39\/06, 63\/08, 125\/10, 102\/11 i 83\/12),<\/li>\n<\/ul>\n<p>&nbsp;<\/p>\n<ul>\n<li>Zakon o koncesijama (&#8220;Narodne novine&#8221; br. 143\/12).<\/li>\n<\/ul>\n<p>[\/et_pb_text][\/et_pb_column][\/et_pb_row][\/et_pb_section]<\/p>\n","protected":false},"excerpt":{"rendered":"<p>Zakon o pomorskom dobru i morskim lukama (&#8220;Narodne novine&#8221; br. 158\/03, 100\/04, 141\/06 i 38\/09) propisuje na\u010din obavljanja djelatnosti na lu\u010dkom podru\u010dju luka otvorenih za javni promet: &nbsp; Koncesije za obavljanje lu\u010dkih djelatnosti, te ostalih gospodarskih djelatnosti koje ne zahtijevaju isklju\u010divo kori\u0161tenje postoje\u0107ih i\/ili gradnju novih gra\u0111evina i drugih objekata podgradnje i nadgradnje na lu\u010dkom [&hellip;]<\/p>\n","protected":false},"author":1,"featured_media":0,"parent":0,"menu_order":0,"comment_status":"closed","ping_status":"closed","template":"","meta":{"_et_pb_use_builder":"on","_et_pb_old_content":"","_et_gb_content_width":"","footnotes":""},"class_list":["post-11944","page","type-page","status-publish","hentry"],"_links":{"self":[{"href":"https:\/\/www.ppa.hr\/hr\/wp-json\/wp\/v2\/pages\/11944","targetHints":{"allow":["GET"]}}],"collection":[{"href":"https:\/\/www.ppa.hr\/hr\/wp-json\/wp\/v2\/pages"}],"about":[{"href":"https:\/\/www.ppa.hr\/hr\/wp-json\/wp\/v2\/types\/page"}],"author":[{"embeddable":true,"href":"https:\/\/www.ppa.hr\/hr\/wp-json\/wp\/v2\/users\/1"}],"replies":[{"embeddable":true,"href":"https:\/\/www.ppa.hr\/hr\/wp-json\/wp\/v2\/comments?post=11944"}],"version-history":[{"count":3,"href":"https:\/\/www.ppa.hr\/hr\/wp-json\/wp\/v2\/pages\/11944\/revisions"}],"predecessor-version":[{"id":11946,"href":"https:\/\/www.ppa.hr\/hr\/wp-json\/wp\/v2\/pages\/11944\/revisions\/11946"}],"wp:attachment":[{"href":"https:\/\/www.ppa.hr\/hr\/wp-json\/wp\/v2\/media?parent=11944"}],"curies":[{"name":"wp","href":"https:\/\/api.w.org\/{rel}","templated":true}]}}