{"id":11920,"date":"2016-04-10T21:14:54","date_gmt":"2016-04-10T21:14:54","guid":{"rendered":"http:\/\/test.ppa.hr\/?page_id=11920"},"modified":"2021-07-08T13:58:21","modified_gmt":"2021-07-08T13:58:21","slug":"geoprometni-polozaj","status":"publish","type":"page","link":"https:\/\/www.ppa.hr\/hr\/geoprometni-polozaj\/","title":{"rendered":"Geoprometni polo\u017eaj"},"content":{"rendered":"<p>[et_pb_section bb_built=&#8221;1&#8243; admin_label=&#8221;section&#8221;][et_pb_row admin_label=&#8221;row&#8221; background_position=&#8221;top_left&#8221; background_repeat=&#8221;repeat&#8221; background_size=&#8221;initial&#8221;][et_pb_column type=&#8221;4_4&#8243;][et_pb_image src=&#8221;http:\/\/ppa.hr\/hr\/wp-content\/uploads\/2016\/04\/luka-i-delta.jpg&#8221; show_in_lightbox=&#8221;off&#8221; url_new_window=&#8221;off&#8221; use_overlay=&#8221;off&#8221; animation=&#8221;left&#8221; sticky=&#8221;off&#8221; align=&#8221;left&#8221; force_fullwidth=&#8221;off&#8221; always_center_on_mobile=&#8221;on&#8221; use_border_color=&#8221;off&#8221; border_color=&#8221;#ffffff&#8221; border_style=&#8221;solid&#8221; custom_css_main_element=&#8221;opacity: 1;&#8221; animation_direction=&#8221;left&#8221; show_bottom_space=&#8221;on&#8221; animation_style=&#8221;slide&#8221; animation_duration=&#8221;500ms&#8221; animation_intensity_slide=&#8221;10%&#8221; _builder_version=&#8221;3.0.89&#8243; border_color_all=&#8221;#ffffff&#8221; border_style_all=&#8221;solid&#8221; \/][et_pb_text background_layout=&#8221;light&#8221; text_orientation=&#8221;justified&#8221; use_border_color=&#8221;off&#8221; border_color=&#8221;#ffffff&#8221; border_style=&#8221;solid&#8221; background_position=&#8221;top_left&#8221; background_repeat=&#8221;repeat&#8221; background_size=&#8221;initial&#8221; _builder_version=&#8221;3.0.89&#8243;]<\/p>\n<div class=\"itemIntroText\">\n<p>Luka Plo\u010de se nalazi na isto\u010dnoj obali Jadranskog mora na lokaciji 43\u02da 03\u2032 N i 17\u02da26\u2032 E te je zbog svoje lokacije od izuzetne va\u017enosti za gospodarstvo susjedne Bosne i Hercegovine \u010dija se dr\u017eavna granica nalazi samo 25 km od luke Plo\u010de, a tako\u0111er i za partnere iz Srbije i Crne Gore, Ma\u0111arske i drugih zemalja Srednje Europe.<\/p>\n<\/div>\n<div class=\"itemFullText\">\n<p>Smje\u0161tena je u zaljevu koji sa ju\u017ene i jugozapadne strane zatvara poluotok Pelje\u0161ac predstavljaju\u0107i time prirodni lukobran. Luka Plo\u010de je neposredno povezana sa svojim zale\u0111em u Bosni i Hercegovini, nadalje sa sjeverno-isto\u010dnim dijelom Hrvatske, te sa Srednjom Europom\u00a0 \u017eeljezni\u010dkom prugom te cestovnom prometnicom (E-73) koja se prote\u017eu trasom budu\u0107eg ogranka C (Budimpe\u0161ta \u2013 Osijek \u2013 Sarajevo-Plo\u010de) Petog Paneuropskog koridora (Venecija \u2013 Trst \u2013 Budimpe\u0161ta\u00a0 \u2013 Uzgorod \u2013 Lvov)\u00a0 te \u0107e ona biti morska luka ovog ogranka. Ova cestovna prometnica je tako\u0111er jedan od najva\u017enijih ogranaka TEM\/TER projekta te u \u0161irem smislu povezuje i europski sjever (Baltik) s Jadranom i od vitalnog je zna\u010denja u gospodarskom povezivanju te prometu ljudi i dobara.<\/p>\n<p>Luka Plo\u010de se nalazi i uz Jadransku magistralu (E-65), cestovnu prometnicu koja se pru\u017ea od Trsta preko Rijeke i Splita do krajnjeg juga ovog dijela Europe. Suvremena autocesta Zagreb &#8211; Plo\u010de je dovr\u0161ena i s tim je omogu\u0107ena najbr\u017ea veza sa Zagrebom, kao i sa odredi\u0161tima u srednjoj, zapadnoj i isto\u010dnoj Europi. U neposrednom okru\u017eenju luke Plo\u010de nalaze se me\u0111unarodne zra\u010dne luke u Splitu i Dubrovniku (udaljenost cca 120 km) te zra\u010dna luka u Mostaru, Bosna i Hercegovina (udaljenost 60 km).<\/p>\n<p>Pozicija luke Plo\u010de omogu\u0107ava kvalitetnu pomorsku vezu kako sa gradovima na jadranskoj obali Hrvatske i Italije tako i sa lukama \u010ditavog svijeta. Poseban kvalitet je postignut uspostavljanjem redovite feeder linije koja luku Plo\u010de povezuje sa zna\u010dajnim kontejnerskim lukama u Mediteranu.<\/p>\n<p>Strategija razvoja luke Plo\u010de je i dalje usmjerena najve\u0107im dijelom na zadovoljavanje potreba gospodarstva BiH, a izgradnjom suvremene infrastrukture prema unutra\u0161njosti, luka \u0107e biti u mogu\u0107nosti ponuditi svoje usluge i tr\u017ei\u0161tima zemalja Srednje Europe koje je ve\u0107 i prije opslu\u017eivala.<\/p>\n<\/div>\n<p>[\/et_pb_text][\/et_pb_column][\/et_pb_row][\/et_pb_section]<\/p>\n","protected":false},"excerpt":{"rendered":"<p>Luka Plo\u010de se nalazi na isto\u010dnoj obali Jadranskog mora na lokaciji 43\u02da 03\u2032 N i 17\u02da26\u2032 E te je zbog svoje lokacije od izuzetne va\u017enosti za gospodarstvo susjedne Bosne i Hercegovine \u010dija se dr\u017eavna granica nalazi samo 25 km od luke Plo\u010de, a tako\u0111er i za partnere iz Srbije i Crne Gore, Ma\u0111arske i drugih [&hellip;]<\/p>\n","protected":false},"author":1,"featured_media":0,"parent":0,"menu_order":0,"comment_status":"closed","ping_status":"closed","template":"","meta":{"_et_pb_use_builder":"on","_et_pb_old_content":"","_et_gb_content_width":"","footnotes":""},"class_list":["post-11920","page","type-page","status-publish","hentry"],"_links":{"self":[{"href":"https:\/\/www.ppa.hr\/hr\/wp-json\/wp\/v2\/pages\/11920","targetHints":{"allow":["GET"]}}],"collection":[{"href":"https:\/\/www.ppa.hr\/hr\/wp-json\/wp\/v2\/pages"}],"about":[{"href":"https:\/\/www.ppa.hr\/hr\/wp-json\/wp\/v2\/types\/page"}],"author":[{"embeddable":true,"href":"https:\/\/www.ppa.hr\/hr\/wp-json\/wp\/v2\/users\/1"}],"replies":[{"embeddable":true,"href":"https:\/\/www.ppa.hr\/hr\/wp-json\/wp\/v2\/comments?post=11920"}],"version-history":[{"count":7,"href":"https:\/\/www.ppa.hr\/hr\/wp-json\/wp\/v2\/pages\/11920\/revisions"}],"predecessor-version":[{"id":15993,"href":"https:\/\/www.ppa.hr\/hr\/wp-json\/wp\/v2\/pages\/11920\/revisions\/15993"}],"wp:attachment":[{"href":"https:\/\/www.ppa.hr\/hr\/wp-json\/wp\/v2\/media?parent=11920"}],"curies":[{"name":"wp","href":"https:\/\/api.w.org\/{rel}","templated":true}]}}